{"id":125,"date":"2019-06-01T20:31:25","date_gmt":"2019-06-01T18:31:25","guid":{"rendered":"https:\/\/www.conj.ws\/electronic-store\/?page_id=125"},"modified":"2024-09-12T15:15:12","modified_gmt":"2024-09-12T13:15:12","slug":"contact","status":"publish","type":"page","link":"https:\/\/medilab.cz\/en\/shop\/contact\/","title":{"rendered":"Contact"},"content":{"rendered":"\n<div class=\"wp-block-conj-powerpack-container has-background has-white-background-color\"><div class=\"wp-block-conj-powerpack-container__wrapper\">\n<div style=\"height:30px\" aria-hidden=\"true\" class=\"wp-block-spacer\"><\/div>\n\n\n\n<div class=\"wp-block-conj-powerpack-container spacing-dk-30\"><div class=\"wp-block-conj-powerpack-container__wrapper halign-dk-center\" style=\"max-width:1920px\">\n<div class=\"wp-block-columns has-3-columns has-gap__30 is-layout-flex wp-container-core-columns-is-layout-9d6595d7 wp-block-columns-is-layout-flex\">\n<div class=\"wp-block-column is-layout-flow wp-block-column-is-layout-flow\">\n<div class=\"wp-block-column is-layout-flow wp-block-column-is-layout-flow\">\n<div class=\"wp-block-conj-powerpack-service valign-top is-style-aligned\"><div class=\"wp-block-conj-powerpack-service__icon has-background spacing-large border-width-thin\" style=\"background:#005ca2\"><i class=\"feather-map-pin has-text-color has-white-color has-regular-font-size\"><\/i><\/div><div class=\"wp-block-conj-powerpack-service__content\"><h3 class=\"has-text-color has-mako-color has-large-font-size\">Headquaters<\/h3><span class=\"has-text-color\" style=\"color:#6b6f82;font-size:15px\"><strong>MEDILAB \u010cR, s.r.o.<\/strong><br><strong>Z\u00e1humensk\u00e1 574<\/strong><br><strong>51771 \u010cesk\u00e9 Mezi\u0159\u00ed\u010d\u00ed<\/strong><br><strong>Czech Republic<\/strong><\/span><\/div><\/div>\n<\/div>\n\n\n\n<div class=\"wp-block-column is-layout-flow wp-block-column-is-layout-flow\">\n<p class=\"\"><\/p>\n<\/div>\n<\/div>\n\n\n\n<div class=\"wp-block-column is-layout-flow wp-block-column-is-layout-flow\">\n<div class=\"wp-block-conj-powerpack-service valign-top is-style-aligned\"><div class=\"wp-block-conj-powerpack-service__icon has-background spacing-large border-width-thin\" style=\"background:#005ca2\"><i class=\"feather-phone-call has-text-color has-white-color has-regular-font-size\"><\/i><\/div><div class=\"wp-block-conj-powerpack-service__content\"><h3 class=\"has-text-color has-mako-color has-large-font-size\">Contact<\/h3><span class=\"has-text-color has-storm-gray-color\" style=\"font-size:15px\"><strong>Tel:<\/strong> (+420) 774 711 173<br>sebastian.balucha@medilab.cz<br>medilab@medilab.cz<\/span><\/div><\/div>\n<\/div>\n\n\n\n<div class=\"wp-block-column is-layout-flow wp-block-column-is-layout-flow\">\n<div class=\"wp-block-conj-powerpack-service valign-top is-style-aligned\"><div class=\"wp-block-conj-powerpack-service__icon has-background spacing-large border-width-thin\" style=\"background:#005ca2\"><i class=\"feather-clock has-text-color has-white-color has-regular-font-size\"><\/i><\/div><div class=\"wp-block-conj-powerpack-service__content\"><h3 class=\"has-text-color has-mako-color has-large-font-size\">Work hours<\/h3><span class=\"has-text-color has-storm-gray-color\" style=\"font-size:15px\">Monday &#8211; Friday 08:00-15:00<\/span><\/div><\/div>\n<\/div>\n<\/div>\n<\/div><\/div>\n\n\n\n<div class=\"wp-block-conj-powerpack-container spacing-dk-30\"><div class=\"wp-block-conj-powerpack-container__wrapper\" style=\"max-width:1920px\">\n<div class=\"wp-block-conj-powerpack-service is-style-aligned\"><div class=\"wp-block-conj-powerpack-service__icon has-background spacing-large border-width-thin\" style=\"background:#005ca2\"><i class=\"feather-bookmark has-text-color has-white-color has-regular-font-size\"><\/i><\/div><div class=\"wp-block-conj-powerpack-service__content\"><h3 class=\"has-text-color has-mako-color has-large-font-size\"><br>Additional billing information<\/h3><span class=\"has-text-color\" style=\"color:#6b6f82;font-size:15px\">I\u010cO:&nbsp;25944991   |   DI\u010c:&nbsp;CZ25944991<br>The company is registered under file number C16685 \/ 3 dated 13 November 2000 at the Regional Commercial Court in Hradec Kr\u00e1lov\u00e9<\/span><\/div><\/div>\n\n\n\n<div style=\"height:60px\" aria-hidden=\"true\" class=\"wp-block-spacer\"><\/div>\n<\/div><\/div>\n\n\n\n<iframe loading=\"lazy\" class=\"embed-responsive-item img-responsive center-block\" src=\"https:\/\/www.google.com\/maps\/embed?pb=!1m18!1m12!1m3!1d652552.5322441031!2d15.59538009009086!3d50.29188936492457!2m3!1f0!2f0!3f0!3m2!1i1024!2i768!4f13.1!3m3!1m2!1s0x470e791d1dcbf40b%3A0xffe0c614112f590a!2zWsOhaHVtZW5za8OhIDU3NCwgNTE3IDcxIMSMZXNrw6kgTWV6acWZw63EjcOt!5e0!3m2!1scs!2scz!4v1561545442017!5m2!1scs!2scz\" width=\"100%\" height=\"400\" frameborder=\"0\" style=\"border:0\" align=\"center\"><\/iframe>\n<\/div><\/div>\n\n\n\n<div style=\"height:60px\" aria-hidden=\"true\" class=\"wp-block-spacer\"><\/div>\n\n\n\n<h2 class=\"wp-block-heading\">Contact us<\/h2>\n\n\n\n<div style=\"height:20px\" aria-hidden=\"true\" class=\"wp-block-spacer\"><\/div>\n\n\n\n\n<div class=\"wpcf7 no-js\" id=\"wpcf7-f11105-o1\" lang=\"cs-CZ\" dir=\"ltr\" data-wpcf7-id=\"11105\">\n<div class=\"screen-reader-response\"><p role=\"status\" aria-live=\"polite\" aria-atomic=\"true\"><\/p> <ul><\/ul><\/div>\n<form action=\"\/en\/shop\/wp-json\/wp\/v2\/pages\/125#wpcf7-f11105-o1\" method=\"post\" class=\"wpcf7-form init\" aria-label=\"Kontaktn\u00ed formul\u00e1\u0159\" novalidate=\"novalidate\" data-status=\"init\">\n<fieldset class=\"hidden-fields-container\"><input type=\"hidden\" name=\"_wpcf7\" value=\"11105\" \/><input type=\"hidden\" name=\"_wpcf7_version\" value=\"6.1.5\" \/><input type=\"hidden\" name=\"_wpcf7_locale\" value=\"cs_CZ\" \/><input type=\"hidden\" name=\"_wpcf7_unit_tag\" value=\"wpcf7-f11105-o1\" \/><input type=\"hidden\" name=\"_wpcf7_container_post\" value=\"0\" \/><input type=\"hidden\" name=\"_wpcf7_posted_data_hash\" value=\"\" \/><input type=\"hidden\" name=\"_wpcf7_recaptcha_response\" value=\"\" \/>\n<\/fieldset>\n<p><label> Your name (required)<br \/>\n<span class=\"wpcf7-form-control-wrap\" data-name=\"your-name\"><input size=\"40\" maxlength=\"400\" class=\"wpcf7-form-control wpcf7-text wpcf7-validates-as-required\" aria-required=\"true\" aria-invalid=\"false\" value=\"\" type=\"text\" name=\"your-name\" \/><\/span> <\/label>\n<\/p>\n<p><label> Your e-mail (required)<br \/>\n<span class=\"wpcf7-form-control-wrap\" data-name=\"your-email\"><input size=\"40\" maxlength=\"400\" class=\"wpcf7-form-control wpcf7-email wpcf7-validates-as-required wpcf7-text wpcf7-validates-as-email\" aria-required=\"true\" aria-invalid=\"false\" value=\"\" type=\"email\" name=\"your-email\" \/><\/span> <\/label>\n<\/p>\n<p><label> Subject<br \/>\n<span class=\"wpcf7-form-control-wrap\" data-name=\"your-subject\"><input size=\"40\" maxlength=\"400\" class=\"wpcf7-form-control wpcf7-text\" aria-invalid=\"false\" value=\"\" type=\"text\" name=\"your-subject\" \/><\/span> <\/label>\n<\/p>\n<p><label> Your message<br \/>\n<span class=\"wpcf7-form-control-wrap\" data-name=\"your-message\"><textarea cols=\"40\" rows=\"10\" maxlength=\"2000\" class=\"wpcf7-form-control wpcf7-textarea\" aria-invalid=\"false\" name=\"your-message\"><\/textarea><\/span> <\/label>\n<\/p>\n<p><span class=\"wpcf7-form-control-wrap\" data-name=\"acceptance-2\"><span class=\"wpcf7-form-control wpcf7-acceptance\"><span class=\"wpcf7-list-item\"><label><input type=\"checkbox\" name=\"acceptance-2\" value=\"1\" aria-invalid=\"false\" \/><span class=\"wpcf7-list-item-label\">I agree that this site may store my submitted information in order to respond to my request.<\/span><\/label><\/span><\/span><\/span>\n<\/p>\n<p><input class=\"wpcf7-form-control wpcf7-submit has-spinner\" type=\"submit\" value=\"Submit\" \/>\n<\/p><div class=\"wpcf7-response-output\" aria-hidden=\"true\"><\/div>\n<\/form>\n<\/div>\n\n\n\n\n<div style=\"height:20px\" aria-hidden=\"true\" class=\"wp-block-spacer\"><\/div>\n","protected":false},"excerpt":{"rendered":"<p>Contact us<\/p>\n","protected":false},"author":2,"featured_media":0,"parent":0,"menu_order":4,"comment_status":"closed","ping_status":"closed","template":"page-templates\/template-fluid.php","meta":{"_conj_powerpack_custom_css_editor":"","_conj_powerpack_title_toggle":"1","_conj_powerpack_spacing_toggle":"","_conj_powerpack_wc_breadcrumbs_toggle":"","_conj_powerpack_header_toggle":"","_conj_powerpack_footer_toggle":"","_conj_powerpack_bug_me_bar_message":"","_conj_powerpack_bug_me_bar_url":"","_conj_powerpack_bug_me_bar_align":"","_conj_powerpack_bug_me_bar_cookie_days":0,"_conj_powerpack_bug_me_bar_sticky":"","_conj_powerpack_bug_me_bar_sticky_mobile":"","_conj_powerpack_bug_me_bar_color":"","footnotes":""},"class_list":["post-125","page","type-page","status-publish","hentry"],"aioseo_notices":[],"_links":{"self":[{"href":"https:\/\/medilab.cz\/en\/shop\/wp-json\/wp\/v2\/pages\/125","targetHints":{"allow":["GET"]}}],"collection":[{"href":"https:\/\/medilab.cz\/en\/shop\/wp-json\/wp\/v2\/pages"}],"about":[{"href":"https:\/\/medilab.cz\/en\/shop\/wp-json\/wp\/v2\/types\/page"}],"author":[{"embeddable":true,"href":"https:\/\/medilab.cz\/en\/shop\/wp-json\/wp\/v2\/users\/2"}],"replies":[{"embeddable":true,"href":"https:\/\/medilab.cz\/en\/shop\/wp-json\/wp\/v2\/comments?post=125"}],"version-history":[{"count":0,"href":"https:\/\/medilab.cz\/en\/shop\/wp-json\/wp\/v2\/pages\/125\/revisions"}],"wp:attachment":[{"href":"https:\/\/medilab.cz\/en\/shop\/wp-json\/wp\/v2\/media?parent=125"}],"curies":[{"name":"wp","href":"https:\/\/api.w.org\/{rel}","templated":true}]}}