{"id":7524,"date":"2019-08-28T08:52:15","date_gmt":"2019-08-28T06:52:15","guid":{"rendered":"https:\/\/medilab.cz\/en_shop\/?post_type=product&#038;p=7524"},"modified":"2021-09-30T08:53:34","modified_gmt":"2021-09-30T06:53:34","slug":"infusion-set-for-gravitational-infusion-with-port","status":"publish","type":"product","link":"https:\/\/medilab.cz\/en\/shop\/product\/infusion-set-for-gravitational-infusion-with-port\/","title":{"rendered":"Infusion set for gravitational infusion, with port"},"content":{"rendered":"<h3>Infusion set for gravitational infusion, with port<\/h3>\n<p>Infuzn\u00ed soupravy slou\u017e\u00ed k pod\u00e1v\u00e1n\u00ed infuzn\u00edch roztok\u016f z lahv\u00ed nebo plastov\u00fdch vak\u016f do \u017e\u00edly pacienta p\u016fsoben\u00edm gravitace. Jsou jednotliv\u011b steriln\u011b baleny a jsou ur\u010deny na jednor\u00e1zov\u00e9 pou\u017eit\u00ed.<\/p>\n<p>&nbsp;<\/p>\n<ul>\n<li>Catalogue number: <strong>MA1108PORT<\/strong><\/li>\n<li>Packaging: 25pcs<\/li>\n<li>Carton: 400pcs<\/li>\n<\/ul>\n","protected":false},"excerpt":{"rendered":"<p>Packaging: 25pcs<br \/>\nCarton: 400pcs<\/p>\n<p>&nbsp;<\/p>\n","protected":false},"featured_media":7525,"template":"","meta":{"_conj_powerpack_custom_css_editor":""},"conj-pp-wc-brands":[193],"product_brand":[],"product_cat":[84,112],"product_tag":[],"class_list":{"0":"post-7524","1":"product","2":"type-product","3":"status-publish","4":"has-post-thumbnail","6":"conj-pp-wc-brands-medilab-cr","7":"product_cat-infusion-and-transfusion-equipment","8":"product_cat-infusion-sets","10":"first","11":"instock","12":"taxable","13":"shipping-taxable","14":"product-type-simple"},"aioseo_notices":[],"_links":{"self":[{"href":"https:\/\/medilab.cz\/en\/shop\/wp-json\/wp\/v2\/product\/7524","targetHints":{"allow":["GET"]}}],"collection":[{"href":"https:\/\/medilab.cz\/en\/shop\/wp-json\/wp\/v2\/product"}],"about":[{"href":"https:\/\/medilab.cz\/en\/shop\/wp-json\/wp\/v2\/types\/product"}],"wp:featuredmedia":[{"embeddable":true,"href":"https:\/\/medilab.cz\/en\/shop\/wp-json\/wp\/v2\/media\/7525"}],"wp:attachment":[{"href":"https:\/\/medilab.cz\/en\/shop\/wp-json\/wp\/v2\/media?parent=7524"}],"wp:term":[{"taxonomy":"conj-pp-wc-brands","embeddable":true,"href":"https:\/\/medilab.cz\/en\/shop\/wp-json\/wp\/v2\/conj-pp-wc-brands?post=7524"},{"taxonomy":"product_brand","embeddable":true,"href":"https:\/\/medilab.cz\/en\/shop\/wp-json\/wp\/v2\/product_brand?post=7524"},{"taxonomy":"product_cat","embeddable":true,"href":"https:\/\/medilab.cz\/en\/shop\/wp-json\/wp\/v2\/product_cat?post=7524"},{"taxonomy":"product_tag","embeddable":true,"href":"https:\/\/medilab.cz\/en\/shop\/wp-json\/wp\/v2\/product_tag?post=7524"}],"curies":[{"name":"wp","href":"https:\/\/api.w.org\/{rel}","templated":true}]}}